{"id":2224,"date":"2026-05-01T08:35:54","date_gmt":"2026-05-01T08:35:54","guid":{"rendered":"https:\/\/wajbzz.com\/?page_id=2224"},"modified":"2026-05-01T15:35:50","modified_gmt":"2026-05-01T15:35:50","slug":"kontakt","status":"publish","type":"page","link":"https:\/\/wajbzz.com\/index.php\/kontakt\/","title":{"rendered":"Napisz do nas!"},"content":{"rendered":"\n<p><strong>Wajbzz prezentuje<\/strong> muzyk\u0119 lokalnej sceny \u2014 wideoreporta\u017ce, koncerty i podcast.<br><\/p>\n\n\n\n<p>Masz zesp\u00f3\u0142, organizujesz wydarzenie albo chcesz nawi\u0105za\u0107 wsp\u00f3\u0142prac\u0119? Napisz!<\/p>\n\n\n\n<p><\/p>\n\n\n\n<p><strong>Bart\u0142omiej R\u00f3\u017cycki<\/strong><br><a>wajbzz.online@gmail.com<\/a><br>Tel:. <a href=\"tel:787241057\"><mark style=\"background-color:rgba(0, 0, 0, 0);color:#ff7e08\" class=\"has-inline-color\">787 241 057<\/mark><\/a><\/p>\n\n\n\n<p><\/p>\n\n\n\n<div class=\"wp-block-wpzoom-blocks-social-icons is-style-with-canvas-round\" style=\"--wpz-social-icons-block-item-font-size:18px;--wpz-social-icons-block-item-padding-horizontal:6px;--wpz-social-icons-block-item-padding-vertical:6px;--wpz-social-icons-block-item-margin-horizontal:5px;--wpz-social-icons-block-item-margin-vertical:5px;--wpz-social-icons-block-item-border-radius:50px;--wpz-social-icons-block-label-font-size:16px;--wpz-social-icons-block-label-color:#2e3131;--wpz-social-icons-block-label-color-hover:#2e3131;--wpz-social-icons-alignment:flex-end\"><a href=\"https:\/\/www.facebook.com\/wajbzz\/\" class=\"social-icon-link\" target=\"_blank\" rel=\"noopener\" title=\"Facebook\" style=\"--wpz-social-icons-block-item-color:#0866FF;--wpz-social-icons-block-item-color-hover:#ff7e08\"><span class=\"social-icon fab fa-facebook\"><\/span><\/a><a href=\"https:\/\/x.com\/Wajbzz\" class=\"social-icon-link\" target=\"_blank\" rel=\"noopener\" title=\"X\" style=\"--wpz-social-icons-block-item-color:#000;--wpz-social-icons-block-item-color-hover:#ff7e08\"><span class=\"social-icon socicon socicon-x\"><\/span><\/a><a href=\"https:\/\/www.threads.com\/@wajbzz\" class=\"social-icon-link\" target=\"_blank\" rel=\"noopener\" title=\"Threads\" style=\"--wpz-social-icons-block-item-color:#000;--wpz-social-icons-block-item-color-hover:#ff7e08\"><span class=\"social-icon socicon socicon-threads\"><\/span><\/a><a href=\"https:\/\/bsky.app\/profile\/wajbzz.bsky.social\" class=\"social-icon-link\" target=\"_blank\" rel=\"noopener\" title=\"Bluesky\" style=\"--wpz-social-icons-block-item-color:#0285FF;--wpz-social-icons-block-item-color-hover:#ff7e08\"><span class=\"social-icon socicon socicon-bluesky\"><\/span><\/a><a href=\"https:\/\/whatsapp.com\/channel\/0029Vb7tqLA84OmCVxSVqN16\" class=\"social-icon-link\" target=\"_blank\" rel=\"noopener\" title=\"Whatsapp\" style=\"--wpz-social-icons-block-item-color:#20B038;--wpz-social-icons-block-item-color-hover:#ff7e08\"><span class=\"social-icon fab fa-whatsapp\"><\/span><\/a><\/div>\n","protected":false},"excerpt":{"rendered":"<p>Wajbzz prezentuje muzyk\u0119 lokalnej sceny \u2014 wideoreporta\u017ce, koncerty i podcast. Masz zesp\u00f3\u0142, organizujesz wydarzenie albo chcesz nawi\u0105za\u0107 wsp\u00f3\u0142prac\u0119? Napisz! Bart\u0142omiej R\u00f3\u017cyckiwajbzz.online@gmail.comTel:. 787 241 057<\/p>\n","protected":false},"author":1,"featured_media":2248,"parent":0,"menu_order":0,"comment_status":"closed","ping_status":"closed","template":"elementor_theme","meta":{"footnotes":""},"class_list":["post-2224","page","type-page","status-publish","has-post-thumbnail","hentry"],"_links":{"self":[{"href":"https:\/\/wajbzz.com\/index.php\/wp-json\/wp\/v2\/pages\/2224","targetHints":{"allow":["GET"]}}],"collection":[{"href":"https:\/\/wajbzz.com\/index.php\/wp-json\/wp\/v2\/pages"}],"about":[{"href":"https:\/\/wajbzz.com\/index.php\/wp-json\/wp\/v2\/types\/page"}],"author":[{"embeddable":true,"href":"https:\/\/wajbzz.com\/index.php\/wp-json\/wp\/v2\/users\/1"}],"replies":[{"embeddable":true,"href":"https:\/\/wajbzz.com\/index.php\/wp-json\/wp\/v2\/comments?post=2224"}],"version-history":[{"count":51,"href":"https:\/\/wajbzz.com\/index.php\/wp-json\/wp\/v2\/pages\/2224\/revisions"}],"predecessor-version":[{"id":2299,"href":"https:\/\/wajbzz.com\/index.php\/wp-json\/wp\/v2\/pages\/2224\/revisions\/2299"}],"wp:featuredmedia":[{"embeddable":true,"href":"https:\/\/wajbzz.com\/index.php\/wp-json\/wp\/v2\/media\/2248"}],"wp:attachment":[{"href":"https:\/\/wajbzz.com\/index.php\/wp-json\/wp\/v2\/media?parent=2224"}],"curies":[{"name":"wp","href":"https:\/\/api.w.org\/{rel}","templated":true}]}}